{"id":69,"date":"2025-09-10T06:36:47","date_gmt":"2025-09-10T06:36:47","guid":{"rendered":"https:\/\/mdbud-chrustowscy.pl\/?page_id=69"},"modified":"2025-09-10T06:36:47","modified_gmt":"2025-09-10T06:36:47","slug":"strona-glowna","status":"publish","type":"page","link":"https:\/\/mdbud-chrustowscy.pl\/","title":{"rendered":"Strona g\u0142\u00f3wna"},"content":{"rendered":"        <section class=\"page-section bg-light portfolio\" id=\"inwestycje\">\n            <div class=\"container\">\n                <div class=\"text-center\">\n                    <h2 class=\"section-heading text-uppercase\">Inwestycje<\/h2>\n                    <h3 class=\"section-subheading text-muted\">Aktualne przedsi\u0119wzi\u0119cia deweloperskie<\/h3>\n                <\/div>\n                <div class=\"row\">\n\t\t\t\t\t\t\t\t\t\t\t\t\t\t\t\t\t\t\n\t\t\t\t\t\t\t\n\t\t\t\t\t\t\t<div class=\"col-lg-4 col-sm-6 mb-4\">\n\t\t\t\t\t\t\t\t<div class=\"portfolio-item\">\n\t\t\t\t\t\t\t\t\t<a class=\"portfolio-link\" href=\"https:\/\/mdbud-chrustowscy.pl\/?investitions=krubin-ul-mieczyslawa-mroza\">\n\t\t\t\t\t\t\t\t\t\t<div class=\"portfolio-hover\">\n\t\t\t\t\t\t\t\t\t\t\t<div class=\"portfolio-hover-content\"><i class=\"fas fa-plus fa-3x\"><\/i><\/div>\n\t\t\t\t\t\t\t\t\t\t<\/div>\n\t\t\t\t\t\t\t\t\t\t<img decoding=\"async\" class=\"img-fluid\" src=\"https:\/\/mdbud-chrustowscy.pl\/wp-content\/uploads\/2025\/09\/rubin-A.jpg\" alt=\"Krubin, ul. Mieczys\u0142awa Mroza\" \/>\n\t\t\t\t\t\t\t\t\t<\/a>\n\t\t\t\t\t\t\t\t\t<div class=\"portfolio-caption\">\n\t\t\t\t\t\t\t\t\t\t<div class=\"portfolio-caption-heading\">Krubin, ul. Mieczys\u0142awa Mroza<\/div>\n\t\t\t\t\t\t\t\t\t\t<div class=\"portfolio-caption-subheading text-muted\">Inwestycja obejmuje docelowo 14 budynk\u00f3w mieszkalnych jednorodzinnych wolnostoj\u0105cych<\/div>\n\t\t\t\t\t\t\t\t\t<\/div>\n\t\t\t\t\t\t\t\t<\/div>\n\t\t\t\t\t\t\t<\/div>\n\t\t\t\t\t\t\t\t\t\t\t\t\t\n\t\t\t\t\t\t\t\n\t\t\t\t\t\t\t<div class=\"col-lg-4 col-sm-6 mb-4\">\n\t\t\t\t\t\t\t\t<div class=\"portfolio-item\">\n\t\t\t\t\t\t\t\t\t<a class=\"portfolio-link\" href=\"https:\/\/mdbud-chrustowscy.pl\/?investitions=osiedle-debowy-park\">\n\t\t\t\t\t\t\t\t\t\t<div class=\"portfolio-hover\">\n\t\t\t\t\t\t\t\t\t\t\t<div class=\"portfolio-hover-content\"><i class=\"fas fa-plus fa-3x\"><\/i><\/div>\n\t\t\t\t\t\t\t\t\t\t<\/div>\n\t\t\t\t\t\t\t\t\t\t<img decoding=\"async\" class=\"img-fluid\" src=\"https:\/\/mdbud-chrustowscy.pl\/wp-content\/uploads\/2025\/09\/WIZ-m-1024x556.jpg\" alt=\"&#8222;Osiedle D\u0119bowy Park&#8221;\" \/>\n\t\t\t\t\t\t\t\t\t<\/a>\n\t\t\t\t\t\t\t\t\t<div class=\"portfolio-caption\">\n\t\t\t\t\t\t\t\t\t\t<div class=\"portfolio-caption-heading\">&#8222;Osiedle D\u0119bowy Park&#8221;<\/div>\n\t\t\t\t\t\t\t\t\t\t<div class=\"portfolio-caption-subheading text-muted\">W sprzeda\u017cy mieszkania na parterze o pow. 66,58 m2 w cenie 649.000,00 z\u0142 i mieszkania na I pi\u0119trze 74,12 m2 w cenie 699.000,00 z\u0142   <\/div>\n\t\t\t\t\t\t\t\t\t<\/div>\n\t\t\t\t\t\t\t\t<\/div>\n\t\t\t\t\t\t\t<\/div>\n\t\t\t\t\t\t\t\t\t\t\t\t\t\n\t\t\t\t\t\t\t\n\t\t\t\t\t\t\t<div class=\"col-lg-4 col-sm-6 mb-4\">\n\t\t\t\t\t\t\t\t<div class=\"portfolio-item\">\n\t\t\t\t\t\t\t\t\t<a class=\"portfolio-link\" href=\"https:\/\/mdbud-chrustowscy.pl\/?investitions=inwestycja-1-2\">\n\t\t\t\t\t\t\t\t\t\t<div class=\"portfolio-hover\">\n\t\t\t\t\t\t\t\t\t\t\t<div class=\"portfolio-hover-content\"><i class=\"fas fa-plus fa-3x\"><\/i><\/div>\n\t\t\t\t\t\t\t\t\t\t<\/div>\n\t\t\t\t\t\t\t\t\t\t<img decoding=\"async\" class=\"img-fluid\" src=\"https:\/\/mdbud-chrustowscy.pl\/wp-content\/uploads\/2025\/09\/WIZ_B2_FRONT-1024x496.jpg\" alt=\"Trzciany, ul. Koralowa\" \/>\n\t\t\t\t\t\t\t\t\t<\/a>\n\t\t\t\t\t\t\t\t\t<div class=\"portfolio-caption\">\n\t\t\t\t\t\t\t\t\t\t<div class=\"portfolio-caption-heading\">Trzciany, ul. Koralowa<\/div>\n\t\t\t\t\t\t\t\t\t\t<div class=\"portfolio-caption-subheading text-muted\">Do zaoferowania Pa\u0144stwu mamy osiedle w Trzcianach przy ul. Koralowej (dojazd ul. Granitow\u0105).<\/div>\n\t\t\t\t\t\t\t\t\t<\/div>\n\t\t\t\t\t\t\t\t<\/div>\n\t\t\t\t\t\t\t<\/div>\n\t\t\t\t\t\t\t\t\t\t\t\t\t\n\t\t\t\t\t\t\t\n\t\t\t\t\t\t\t<div class=\"col-lg-4 col-sm-6 mb-4\">\n\t\t\t\t\t\t\t\t<div class=\"portfolio-item\">\n\t\t\t\t\t\t\t\t\t<a class=\"portfolio-link\" href=\"https:\/\/mdbud-chrustowscy.pl\/?investitions=inwestycja-1\">\n\t\t\t\t\t\t\t\t\t\t<div class=\"portfolio-hover\">\n\t\t\t\t\t\t\t\t\t\t\t<div class=\"portfolio-hover-content\"><i class=\"fas fa-plus fa-3x\"><\/i><\/div>\n\t\t\t\t\t\t\t\t\t\t<\/div>\n\t\t\t\t\t\t\t\t\t\t<img decoding=\"async\" class=\"img-fluid\" src=\"https:\/\/mdbud-chrustowscy.pl\/wp-content\/uploads\/2025\/09\/wizaulizacja-1024x671.png\" alt=\"Krubin, ul. Czerwienna\" \/>\n\t\t\t\t\t\t\t\t\t<\/a>\n\t\t\t\t\t\t\t\t\t<div class=\"portfolio-caption\">\n\t\t\t\t\t\t\t\t\t\t<div class=\"portfolio-caption-heading\">Krubin, ul. Czerwienna<\/div>\n\t\t\t\t\t\t\t\t\t\t<div class=\"portfolio-caption-subheading text-muted\">To inwestycja z\u0142o\u017cona docelowo z 3 budynk\u00f3w mieszkalnych jednorodzinnych dwulokalowych.<\/div>\n\t\t\t\t\t\t\t\t\t<\/div>\n\t\t\t\t\t\t\t\t<\/div>\n\t\t\t\t\t\t\t<\/div>\n\t\t\t\t\t\t\t\t\t\t\t\n\t\t\t\t\t                <\/div>\n            <\/div>\n        <\/section>\n        \n\n\n        <section class=\"page-section contact\" id=\"kontakt\" style=\"background-image:url(https:\/\/mdbud-chrustowscy.pl\/wp-content\/uploads\/2025\/09\/notebook-2178656_1920.jpg);\">\n            <div class=\"container\">\n                <div class=\"text-center\">\n                    <h2 class=\"section-heading text-uppercase\">Dane kontaktowe<\/h2>\n                    <h3 class=\"section-subheading text-muted\">Zapraszamy do kontaktu<\/h3>\n                <\/div>\n\n\t\t\t\t<div class=\"row align-items-stretch mb-5\">\n\t\t\t\t\t<div class=\"row gy-5\">\n\n\t\t\t\t\t\t<!-- Dane firmy -->\n\t\t\t\t\t\t<div class=\"col-md-4\">\n\t\t\t\t\t\t\t\n\n\t\t\t\t\t\t\t\n\t\t\t\t\t\t\t<!-- <h4 class=\"f-big fw-bold mb-3\">Deweloper<\/h4> -->\n\t\t\t\t\t\t\t\n\t\t\t\t\t\t\t<p ><strong>\u201eMD BUD s.c. M.D. CHRUSTOWSCY\u201d<\/strong><\/p>\n\t\t\t\t\t\t\t\t\t\t\t\t\t\t\t<p class=\"mb-1\">Sp\u00f3\u0142ka cywilna<\/p>\n\t\t\t\t\t\t\t\t\t\t\t\t\t\t<p class=\"mb-1\">NIP: 5311700601<\/p>\n\t\t\t\t\t\t\t\t\t\t\t\t\t\t\t<p class=\"mb-1\">REGON: 369698144<\/p>\n\t\t\t\t\t\t\t\t\t\t\t\t\t\t\t\t\t\t\t\t\t\t\t\t\t\t\t<\/div>\n\n\t\t\t\t\t\t<!-- Adresy -->\n\t\t\t\t\t\t<div class=\"col-md-4\">\n\t\t\t\t\t\t\t<h4 class=\"fw-bold mb-3\">Adresy<\/h4>\n\t\t\t\t\t\t\t<p class=\"mb-2\"><strong>Siedziba:<\/strong><br>ul. D\u0119bowa  76, lok. lok. 11, 05-100, Nowy Dw\u00f3r Mazowiecki<\/p>\n\t\t\t\t\t\t\t<p class=\"mb-2\"><strong>Sprzeda\u017c:<\/strong><br>ul. Warszawska 98, 05-123, Olszewnica Stara<\/p>\n\t\t\t\t\t\t\t\t\t\t\t\t\t<\/div>\n\n\t\t\t\t\t\t<!-- Kontakt -->\n\t\t\t\t\t\t<div class=\"col-md-4\">\n\t\t\t\t\t\t\t<h4 class=\"fw-bold mb-3\">Kontakt<\/h4>\n\t\t\t\t\t\t\t\t\t\t\t\t\t\t\t\t\t\t\t\t\t\t\t\t<p class=\"mb-1\">\n\t\t\t\t\t\t\t\t\t\t<i class=\"fa fa-phone\"><\/i>\n\t\t\t\t\t\t\t\t\t\t<a href=\"tel:609-400-050\">\n\t\t\t\t\t\t\t\t\t\t\t609-400-050 \t\t\t\t\t\t\t\t\t\t<\/a>\n\t\t\t\t\t\t\t\t\t\t\t\t\t\t\t\t\t\t\t\t\t<small class=\"text-muted\"> (BIURO SPRZEDA\u017bY)<\/small>\n\t\t\t\t\t\t\t\t\t\t\t\t\t\t\t\t\t\t\t<\/p>\n\t\t\t\t\t\t\t\t\t\t\t\t\t\t\t\t\t<p class=\"mb-1\">\n\t\t\t\t\t\t\t\t\t\t<i class=\"fa fa-phone\"><\/i>\n\t\t\t\t\t\t\t\t\t\t<a href=\"tel:692-232-900\">\n\t\t\t\t\t\t\t\t\t\t\t692-232-900 \t\t\t\t\t\t\t\t\t\t<\/a>\n\t\t\t\t\t\t\t\t\t\t\t\t\t\t\t\t\t\t\t\t\t<small class=\"text-muted\"> (BIURO SPRZEDA\u017bY)<\/small>\n\t\t\t\t\t\t\t\t\t\t\t\t\t\t\t\t\t\t\t<\/p>\n\t\t\t\t\t\t\t\t\t\t\t\t\t\t\t\t\t<p class=\"mb-1\">\n\t\t\t\t\t\t\t\t\t\t<i class=\"fa fa-phone\"><\/i>\n\t\t\t\t\t\t\t\t\t\t<a href=\"tel:608-416-216\">\n\t\t\t\t\t\t\t\t\t\t\t608-416-216 \t\t\t\t\t\t\t\t\t\t<\/a>\n\t\t\t\t\t\t\t\t\t\t\t\t\t\t\t\t\t\t\t\t\t<small class=\"text-muted\"> (BIURO SPRZEDA\u017bY)<\/small>\n\t\t\t\t\t\t\t\t\t\t\t\t\t\t\t\t\t\t\t<\/p>\n\t\t\t\t\t\t\t\t\t\t\t\t\t\t\t\t\t\t\t\t\t\t\t\t\t\t\t\t\t\t\t\t\t\t\t\t\t\t\t\t\t\t\t\t<p class=\"mb-1\"><i class=\"fa fa-globe\"><\/i> <a href=\"http:\/\/www.mdbud-chrustowscy.pl\" target=\"_blank\">www.mdbud-chrustowscy.pl<\/a><\/p>\n\t\t\t\t\t\t\t\t\t\t\t\t\t\t\t\t\t\t\t\t\t\t<p class=\"mt-2\"><small><em>Preferowany kontakt: prosimy o wcze\u015bniejsze telefoniczne umawianie wizyty<\/em><\/small><\/p>\n\t\t\t\t\t\t\t\t\t\t\t\t\t<\/div>\n\n\t\t\t\t\t<\/div>\n\t\t\t\t<\/div>\n\t\t\t<\/div>\n\t\t<\/section>\n        \n","protected":false},"excerpt":{"rendered":"","protected":false},"author":1,"featured_media":0,"parent":0,"menu_order":0,"comment_status":"closed","ping_status":"closed","template":"","meta":{"footnotes":""},"class_list":["post-69","page","type-page","status-publish","hentry"],"_links":{"self":[{"href":"https:\/\/mdbud-chrustowscy.pl\/index.php?rest_route=\/wp\/v2\/pages\/69","targetHints":{"allow":["GET"]}}],"collection":[{"href":"https:\/\/mdbud-chrustowscy.pl\/index.php?rest_route=\/wp\/v2\/pages"}],"about":[{"href":"https:\/\/mdbud-chrustowscy.pl\/index.php?rest_route=\/wp\/v2\/types\/page"}],"author":[{"embeddable":true,"href":"https:\/\/mdbud-chrustowscy.pl\/index.php?rest_route=\/wp\/v2\/users\/1"}],"replies":[{"embeddable":true,"href":"https:\/\/mdbud-chrustowscy.pl\/index.php?rest_route=%2Fwp%2Fv2%2Fcomments&post=69"}],"version-history":[{"count":1,"href":"https:\/\/mdbud-chrustowscy.pl\/index.php?rest_route=\/wp\/v2\/pages\/69\/revisions"}],"predecessor-version":[{"id":70,"href":"https:\/\/mdbud-chrustowscy.pl\/index.php?rest_route=\/wp\/v2\/pages\/69\/revisions\/70"}],"wp:attachment":[{"href":"https:\/\/mdbud-chrustowscy.pl\/index.php?rest_route=%2Fwp%2Fv2%2Fmedia&parent=69"}],"curies":[{"name":"wp","href":"https:\/\/api.w.org\/{rel}","templated":true}]}}